{"id":98,"date":"2016-11-13T15:33:01","date_gmt":"2016-11-13T14:33:01","guid":{"rendered":"http:\/\/das-kloeppelmuseum.de\/?page_id=98"},"modified":"2017-04-18T21:32:52","modified_gmt":"2017-04-18T19:32:52","slug":"die-stuben","status":"publish","type":"page","link":"http:\/\/das-kloeppelmuseum.de\/en\/die-stuben\/","title":{"rendered":"Die Stuben"},"content":{"rendered":"<a href=\"http:\/\/das-kloeppelmuseum.de\/wp-content\/uploads\/2016\/11\/Die-Stuben.jpg\"><img loading=\"lazy\" decoding=\"async\" class=\"alignnone wp-image-2030 size-full\" src=\"http:\/\/das-kloeppelmuseum.de\/wp-content\/uploads\/2016\/11\/Die-Stuben.jpg\" alt=\"die-stuben\" width=\"1200\" height=\"467\" srcset=\"http:\/\/das-kloeppelmuseum.de\/wp-content\/uploads\/2016\/11\/Die-Stuben.jpg 1200w, http:\/\/das-kloeppelmuseum.de\/wp-content\/uploads\/2016\/11\/Die-Stuben-200x78.jpg 200w, http:\/\/das-kloeppelmuseum.de\/wp-content\/uploads\/2016\/11\/Die-Stuben-768x299.jpg 768w, http:\/\/das-kloeppelmuseum.de\/wp-content\/uploads\/2016\/11\/Die-Stuben-1024x399.jpg 1024w\" sizes=\"auto, (max-width: 1200px) 100vw, 1200px\" \/><\/a>\r\n\r\n&nbsp;\r\n\r\n<p>In sieben R\u00e4umen sind thematisch angeordnet Exponate aus der Nordhalbener Geschichte zu sehen; Schwerpunkt liegt dabei auf einer Darstellung der kargen Lebensumst\u00e4nde der B\u00fcrger um 1900. Dazu sind detailgetreu eine K\u00fcche (gleichzeitig Wohnraum) und ein Schlafzimmer nachgebildet.<\/p>\r\n\r\n&nbsp;\r\n\r\n\n\t\t<div id='gallery-1' class='gallery galleryid-98 gallery-columns-4 gallery-size-medium gallery1'><script type=\"text\/javascript\">\r\n\/\/ <![CDATA[\r\n\tjQuery(document).ready(function () {\r\n\t\tjQuery(\".gallery1 a\").attr(\"rel\",\"gallery1\");\t\r\n\t\tjQuery('a[rel=\"gallery1\"]').colorbox({maxWidth:\"95%\", maxHeight:\"95%\",title: function(){ return jQuery(this).children().attr(\"alt\"); }, });\r\n\t});\r\n\/\/ ]]>\r\n<\/script>\n<figure class=\"gallery-item\">\n<div class=\"gallery-icon\">\r\n<a href=\"http:\/\/das-kloeppelmuseum.de\/wp-content\/uploads\/2016\/11\/Die-Stuben_1.jpg\" title=\"\" rel=\"gallery1\"><img loading=\"lazy\" decoding=\"async\" src=\"http:\/\/das-kloeppelmuseum.de\/wp-content\/uploads\/2016\/11\/Die-Stuben_1-200x133.jpg\" width=\"200\" height=\"133\" alt=\"\" \/><\/a>\r\n<\/div><\/figure><figure class=\"gallery-item\">\n<div class=\"gallery-icon\">\r\n<a href=\"http:\/\/das-kloeppelmuseum.de\/wp-content\/uploads\/2016\/11\/Die-Stuben_2.jpg\" title=\"\" rel=\"gallery1\"><img loading=\"lazy\" decoding=\"async\" src=\"http:\/\/das-kloeppelmuseum.de\/wp-content\/uploads\/2016\/11\/Die-Stuben_2-200x133.jpg\" width=\"200\" height=\"133\" alt=\"\" \/><\/a>\r\n<\/div><\/figure><figure class=\"gallery-item\">\n<div class=\"gallery-icon\">\r\n<a href=\"http:\/\/das-kloeppelmuseum.de\/wp-content\/uploads\/2016\/11\/Die-Stuben_4.jpg\" title=\"\" rel=\"gallery1\"><img loading=\"lazy\" decoding=\"async\" src=\"http:\/\/das-kloeppelmuseum.de\/wp-content\/uploads\/2016\/11\/Die-Stuben_4-200x133.jpg\" width=\"200\" height=\"133\" alt=\"\" \/><\/a>\r\n<\/div><\/figure><figure class=\"gallery-item\">\n<div class=\"gallery-icon\">\r\n<a href=\"http:\/\/das-kloeppelmuseum.de\/wp-content\/uploads\/2016\/11\/Die-Stuben_3.jpg\" title=\"\" rel=\"gallery1\"><img loading=\"lazy\" decoding=\"async\" src=\"http:\/\/das-kloeppelmuseum.de\/wp-content\/uploads\/2016\/11\/Die-Stuben_3-200x133.jpg\" width=\"200\" height=\"133\" alt=\"\" \/><\/a>\r\n<\/div><\/figure>\r\n\t\t<\/div>\n","protected":false},"excerpt":{"rendered":"<p>&nbsp; In sieben R\u00e4umen sind thematisch angeordnet Exponate aus der Nordhalbener Geschichte zu sehen; Schwerpunkt liegt dabei auf einer Darstellung der kargen Lebensumst\u00e4nde der B\u00fcrger um 1900. Dazu sind detailgetreu eine K\u00fcche (gleichzeitig Wohnraum) und ein Schlafzimmer nachgebildet. &nbsp;<\/p>\n","protected":false},"author":1,"featured_media":0,"parent":0,"menu_order":0,"comment_status":"closed","ping_status":"closed","template":"","meta":{"footnotes":""},"class_list":["post-98","page","type-page","status-publish","hentry","no-post-thumbnail","post-grid-2-col","entry"],"_links":{"self":[{"href":"http:\/\/das-kloeppelmuseum.de\/en\/wp-json\/wp\/v2\/pages\/98","targetHints":{"allow":["GET"]}}],"collection":[{"href":"http:\/\/das-kloeppelmuseum.de\/en\/wp-json\/wp\/v2\/pages"}],"about":[{"href":"http:\/\/das-kloeppelmuseum.de\/en\/wp-json\/wp\/v2\/types\/page"}],"author":[{"embeddable":true,"href":"http:\/\/das-kloeppelmuseum.de\/en\/wp-json\/wp\/v2\/users\/1"}],"replies":[{"embeddable":true,"href":"http:\/\/das-kloeppelmuseum.de\/en\/wp-json\/wp\/v2\/comments?post=98"}],"version-history":[{"count":18,"href":"http:\/\/das-kloeppelmuseum.de\/en\/wp-json\/wp\/v2\/pages\/98\/revisions"}],"predecessor-version":[{"id":2033,"href":"http:\/\/das-kloeppelmuseum.de\/en\/wp-json\/wp\/v2\/pages\/98\/revisions\/2033"}],"wp:attachment":[{"href":"http:\/\/das-kloeppelmuseum.de\/en\/wp-json\/wp\/v2\/media?parent=98"}],"curies":[{"name":"wp","href":"https:\/\/api.w.org\/{rel}","templated":true}]}}