{"id":93,"date":"2016-11-13T15:21:34","date_gmt":"2016-11-13T14:21:34","guid":{"rendered":"http:\/\/das-kloeppelmuseum.de\/?page_id=93"},"modified":"2017-06-07T18:49:00","modified_gmt":"2017-06-07T16:49:00","slug":"internationale-spitzensammlung","status":"publish","type":"page","link":"http:\/\/das-kloeppelmuseum.de\/en\/internationale-spitzensammlung\/","title":{"rendered":"Internationale Spitzensammlung"},"content":{"rendered":"<p><a href=\"http:\/\/das-kloeppelmuseum.de\/wp-content\/uploads\/2017\/04\/Ausstellungsraum-Internationale-Spitzensammlung.jpg\"><img loading=\"lazy\" decoding=\"async\" class=\"alignnone wp-image-1941 size-full\" src=\"http:\/\/das-kloeppelmuseum.de\/wp-content\/uploads\/2017\/04\/Ausstellungsraum-Internationale-Spitzensammlung.jpg\" width=\"1200\" height=\"400\" srcset=\"http:\/\/das-kloeppelmuseum.de\/wp-content\/uploads\/2017\/04\/Ausstellungsraum-Internationale-Spitzensammlung.jpg 1200w, http:\/\/das-kloeppelmuseum.de\/wp-content\/uploads\/2017\/04\/Ausstellungsraum-Internationale-Spitzensammlung-200x67.jpg 200w, http:\/\/das-kloeppelmuseum.de\/wp-content\/uploads\/2017\/04\/Ausstellungsraum-Internationale-Spitzensammlung-768x256.jpg 768w, http:\/\/das-kloeppelmuseum.de\/wp-content\/uploads\/2017\/04\/Ausstellungsraum-Internationale-Spitzensammlung-1024x341.jpg 1024w\" sizes=\"auto, (max-width: 1200px) 100vw, 1200px\" \/><\/a><\/p>\r\n<div class=\"csRow\"><!-- Header: [end] --><\/div>\r\n<div id=\"c360\" class=\"csc-default\">\r\n<div class=\"csc-textpic csc-textpic-intext-left-nowrap\">\r\n<div>\r\n<div class=\"csc-textpic-text\">\r\n<p class=\"bodytext\"><span lang=\"en\">The International Lace Collection was opened in 1986 as part of the Nordhalbener Kloppelschule. On an area of \u200b\u200babout 120 square meters, interested visitors will be shown from the 18th to the 21st century. The collection includes over 400 exhibits and is gradually expanded.<\/span><\/p>\r\n\n\t\t<div id='gallery-3' class='gallery galleryid-93 gallery-columns-6 gallery-size-thumbnail gallery1'><script type=\"text\/javascript\">\r\n\/\/ <![CDATA[\r\n\tjQuery(document).ready(function () {\r\n\t\tjQuery(\".gallery1 a\").attr(\"rel\",\"gallery1\");\t\r\n\t\tjQuery('a[rel=\"gallery1\"]').colorbox({maxWidth:\"95%\", maxHeight:\"95%\",title: function(){ return jQuery(this).children().attr(\"alt\"); }, });\r\n\t});\r\n\/\/ ]]>\r\n<\/script>\n<figure class=\"gallery-item\">\n<div class=\"gallery-icon\">\r\n<a href=\"http:\/\/das-kloeppelmuseum.de\/wp-content\/uploads\/2016\/11\/Ausstellungsraum_Internationale-Spitzensammlung_3.jpg\" title=\"Ausstellungsraum Internationale Spitzensammlung\" rel=\"gallery1\"><img loading=\"lazy\" decoding=\"async\" src=\"http:\/\/das-kloeppelmuseum.de\/wp-content\/uploads\/2016\/11\/Ausstellungsraum_Internationale-Spitzensammlung_3-150x150.jpg\" width=\"150\" height=\"150\" alt=\"Ausstellungsraum Internationale Spitzensammlung\" \/><\/a>\r\n<\/div><figcaption class=\"gallery-caption\" id=\"caption1982\"><span class=\"imagecaption\">Ausstellungsraum Internationale Spitzensammlung<\/span><br \/>\n<\/figcaption><\/figure><figure class=\"gallery-item\">\n<div class=\"gallery-icon\">\r\n<a href=\"http:\/\/das-kloeppelmuseum.de\/wp-content\/uploads\/2016\/11\/Ausstellungsraum_Internationale-Spitzensammlung_2-1.jpg\" title=\"Ausstellungsraum Internationale Spitzensammlung\" rel=\"gallery1\"><img loading=\"lazy\" decoding=\"async\" src=\"http:\/\/das-kloeppelmuseum.de\/wp-content\/uploads\/2016\/11\/Ausstellungsraum_Internationale-Spitzensammlung_2-1-150x150.jpg\" width=\"150\" height=\"150\" alt=\"Ausstellungsraum Internationale Spitzensammlung\" \/><\/a>\r\n<\/div><figcaption class=\"gallery-caption\" id=\"caption1981\"><span class=\"imagecaption\">Ausstellungsraum Internationale Spitzensammlung<\/span><br \/>\n<\/figcaption><\/figure><figure class=\"gallery-item\">\n<div class=\"gallery-icon\">\r\n<a href=\"http:\/\/das-kloeppelmuseum.de\/wp-content\/uploads\/2016\/11\/brautkleid.jpg\" title=\"Brautkleid mit Kl\u00f6ppelspitze\" rel=\"gallery1\"><img loading=\"lazy\" decoding=\"async\" src=\"http:\/\/das-kloeppelmuseum.de\/wp-content\/uploads\/2016\/11\/brautkleid-150x150.jpg\" width=\"150\" height=\"150\" alt=\"Brautkleid mit Kl\u00f6ppelspitze\" \/><\/a>\r\n<\/div><figcaption class=\"gallery-caption\" id=\"caption520\"><span class=\"imagecaption\">Brautkleid mit Kl\u00f6ppelspitze<\/span><br \/>\n<\/figcaption><\/figure><figure class=\"gallery-item\">\n<div class=\"gallery-icon\">\r\n<a href=\"http:\/\/das-kloeppelmuseum.de\/wp-content\/uploads\/2016\/11\/Impressionen_Ausstellung.jpg\" title=\"Spitzen in der Vitrine\" rel=\"gallery1\"><img loading=\"lazy\" decoding=\"async\" src=\"http:\/\/das-kloeppelmuseum.de\/wp-content\/uploads\/2016\/11\/Impressionen_Ausstellung-150x150.jpg\" width=\"150\" height=\"150\" alt=\"Spitzen in der Vitrine\" \/><\/a>\r\n<\/div><figcaption class=\"gallery-caption\" id=\"caption2260\"><span class=\"imagecaption\">Spitzen in der Vitrine<\/span><br \/>\n<\/figcaption><\/figure><figure class=\"gallery-item\">\n<div class=\"gallery-icon\">\r\n<a href=\"http:\/\/das-kloeppelmuseum.de\/wp-content\/uploads\/2016\/11\/Ausstellungsraum_Internationale-Spitzensammlung_1.jpg\" title=\"Ausstellungsraum Internationale Spitzensammlung\" rel=\"gallery1\"><img loading=\"lazy\" decoding=\"async\" src=\"http:\/\/das-kloeppelmuseum.de\/wp-content\/uploads\/2016\/11\/Ausstellungsraum_Internationale-Spitzensammlung_1-150x150.jpg\" width=\"150\" height=\"150\" alt=\"Ausstellungsraum Internationale Spitzensammlung\" \/><\/a>\r\n<\/div><figcaption class=\"gallery-caption\" id=\"caption1980\"><span class=\"imagecaption\">Ausstellungsraum Internationale Spitzensammlung<\/span><br \/>\n<\/figcaption><\/figure><figure class=\"gallery-item\">\n<div class=\"gallery-icon\">\r\n<a href=\"http:\/\/das-kloeppelmuseum.de\/wp-content\/uploads\/2017\/03\/Erzgebirge_bearbeitet.png\" title=\"Kl\u00f6ppelst\u00e4nder aus dem Erzgebirge\" rel=\"gallery1\"><img loading=\"lazy\" decoding=\"async\" src=\"http:\/\/das-kloeppelmuseum.de\/wp-content\/uploads\/2017\/03\/Erzgebirge_bearbeitet-150x150.png\" width=\"150\" height=\"150\" alt=\"Kl\u00f6ppelst\u00e4nder aus dem Erzgebirge\" \/><\/a>\r\n<\/div><figcaption class=\"gallery-caption\" id=\"caption858\"><span class=\"imagecaption\">Kl\u00f6ppelst\u00e4nder aus dem Erzgebirge<\/span><br \/>\n<\/figcaption><\/figure>\r\n\t\t<\/div>\n\r\n<p class=\"bodytext\">Die bekanntesten Vertreter sind Binchespitzen, Valenciennesspitzen, Honitonspitzen, Br\u00fcsseler Spitzen, Mail\u00e4nder Spitzen, Mechelner Spitzen, Metallspitzen, Chantillyspitzen und Schneeberger Spitzen.<\/p>\r\n\n\t\t<div id='gallery-4' class='gallery galleryid-93 gallery-columns-7 gallery-size-thumbnail gallery1'><script type=\"text\/javascript\">\r\n\/\/ <![CDATA[\r\n\tjQuery(document).ready(function () {\r\n\t\tjQuery(\".gallery1 a\").attr(\"rel\",\"gallery1\");\t\r\n\t\tjQuery('a[rel=\"gallery1\"]').colorbox({maxWidth:\"95%\", maxHeight:\"95%\",title: function(){ return jQuery(this).children().attr(\"alt\"); }, });\r\n\t});\r\n\/\/ ]]>\r\n<\/script>\n<figure class=\"gallery-item\">\n<div class=\"gallery-icon\">\r\n<a href=\"http:\/\/das-kloeppelmuseum.de\/wp-content\/uploads\/2016\/11\/Valenciennes_Spitze.jpg\" title=\"Valenciennesspitze\" rel=\"gallery1\"><img loading=\"lazy\" decoding=\"async\" src=\"http:\/\/das-kloeppelmuseum.de\/wp-content\/uploads\/2016\/11\/Valenciennes_Spitze-150x150.jpg\" width=\"150\" height=\"150\" alt=\"Valenciennesspitze\" \/><\/a>\r\n<\/div><figcaption class=\"gallery-caption\" id=\"caption908\"><span class=\"imagecaption\">Valenciennesspitze<\/span><br \/>\n<\/figcaption><\/figure><figure class=\"gallery-item\">\n<div class=\"gallery-icon\">\r\n<a href=\"http:\/\/das-kloeppelmuseum.de\/wp-content\/uploads\/2016\/11\/Br\u00fcsseler_Spitze.jpg\" title=\"Br\u00fcssler Spitze\" rel=\"gallery1\"><img loading=\"lazy\" decoding=\"async\" src=\"http:\/\/das-kloeppelmuseum.de\/wp-content\/uploads\/2016\/11\/Br\u00fcsseler_Spitze-150x150.jpg\" width=\"150\" height=\"150\" alt=\"Br\u00fcssler Spitze\" \/><\/a>\r\n<\/div><figcaption class=\"gallery-caption\" id=\"caption906\"><span class=\"imagecaption\">Br\u00fcssler Spitze<\/span><br \/>\n<\/figcaption><\/figure><figure class=\"gallery-item\">\n<div class=\"gallery-icon\">\r\n<a href=\"http:\/\/das-kloeppelmuseum.de\/wp-content\/uploads\/2016\/11\/Mail\u00e4nder-Spitze.jpg\" title=\"Mail\u00e4nder Spitze\" rel=\"gallery1\"><img loading=\"lazy\" decoding=\"async\" src=\"http:\/\/das-kloeppelmuseum.de\/wp-content\/uploads\/2016\/11\/Mail\u00e4nder-Spitze-150x150.jpg\" width=\"150\" height=\"150\" alt=\"Mail\u00e4nder Spitze\" \/><\/a>\r\n<\/div><figcaption class=\"gallery-caption\" id=\"caption932\"><span class=\"imagecaption\">Mail\u00e4nder Spitze<\/span><br \/>\n<\/figcaption><\/figure><figure class=\"gallery-item\">\n<div class=\"gallery-icon\">\r\n<a href=\"http:\/\/das-kloeppelmuseum.de\/wp-content\/uploads\/2016\/11\/Bedfordshire_Lace.jpg\" title=\"Bedfordshire Lace Spitze\" rel=\"gallery1\"><img loading=\"lazy\" decoding=\"async\" src=\"http:\/\/das-kloeppelmuseum.de\/wp-content\/uploads\/2016\/11\/Bedfordshire_Lace-150x150.jpg\" width=\"150\" height=\"150\" alt=\"Bedfordshire Lace Spitze\" \/><\/a>\r\n<\/div><figcaption class=\"gallery-caption\" id=\"caption907\"><span class=\"imagecaption\">Bedfordshire Lace Spitze<\/span><br \/>\n<\/figcaption><\/figure><figure class=\"gallery-item\">\n<div class=\"gallery-icon\">\r\n<a href=\"http:\/\/das-kloeppelmuseum.de\/wp-content\/uploads\/2016\/11\/Malteser-Spitze.jpg\" title=\"Malteser Spitze\" rel=\"gallery1\"><img loading=\"lazy\" decoding=\"async\" src=\"http:\/\/das-kloeppelmuseum.de\/wp-content\/uploads\/2016\/11\/Malteser-Spitze-150x150.jpg\" width=\"150\" height=\"150\" alt=\"Malteser Spitze\" \/><\/a>\r\n<\/div><figcaption class=\"gallery-caption\" id=\"caption910\"><span class=\"imagecaption\">Malteser Spitze<\/span><br \/>\n<\/figcaption><\/figure><figure class=\"gallery-item\">\n<div class=\"gallery-icon\">\r\n<a href=\"http:\/\/das-kloeppelmuseum.de\/wp-content\/uploads\/2016\/11\/Mechelner-Spitze.jpg\" title=\"Mechelner Spitze\" rel=\"gallery1\"><img loading=\"lazy\" decoding=\"async\" src=\"http:\/\/das-kloeppelmuseum.de\/wp-content\/uploads\/2016\/11\/Mechelner-Spitze-150x150.jpg\" width=\"150\" height=\"150\" alt=\"Mechelner Spitze\" \/><\/a>\r\n<\/div><figcaption class=\"gallery-caption\" id=\"caption935\"><span class=\"imagecaption\">Mechelner Spitze<\/span><br \/>\n<\/figcaption><\/figure><figure class=\"gallery-item\">\n<div class=\"gallery-icon\">\r\n<a href=\"http:\/\/das-kloeppelmuseum.de\/wp-content\/uploads\/2016\/11\/Binche.jpg\" title=\"Binchespitze, 18. Jh., Grund mit Schneeflocken\" rel=\"gallery1\"><img loading=\"lazy\" decoding=\"async\" src=\"http:\/\/das-kloeppelmuseum.de\/wp-content\/uploads\/2016\/11\/Binche-150x150.jpg\" width=\"150\" height=\"150\" alt=\"Binchespitze, 18. Jh., Grund mit Schneeflocken\" \/><\/a>\r\n<\/div><figcaption class=\"gallery-caption\" id=\"caption928\"><span class=\"imagecaption\">Binchespitze, 18. Jh., Grund mit Schneeflocken<\/span><br \/>\n<\/figcaption><\/figure>\r\n\t\t<\/div>\n\r\n<p class=\"bodytext\">Au\u00dferdem beherbergt die Ausstellung moderne Kl\u00f6ppelarbeiten aus Deutschland, Tschechien und der Slowakischen Republik. Eingehend auf die Lebensumst\u00e4nde der Kl\u00f6pplerinnen in den unterschiedlichen Kunstepochen und Regionen erh\u00e4lt man nicht nur einen \u00dcberblick \u00fcber die vielen verschiedenen Spitzenarten, sondern auch \u00fcber die verwendeten Materialien und Werkzeuge.<\/p>\r\n<p class=\"bodytext\">Alle Spitzen wurden und werden mit den gleichen Grundschl\u00e4gen gearbeitet und sind doch sehr unterschiedlich in Textur, Technik und im verwendeten Material. Neben Kl\u00f6ppelspitzen unterschiedlichster Art finden sich Nadelspitzen, kombinierte Spitzen, Occhi, Maschinenspitzen und Filetarbeiten. Der soziale Aspekt des Kunsthandwerkes Kl\u00f6ppeln war der Leitfaden beim Aufbau der Ausstellung.<\/p>\r\n<p class=\"bodytext\" style=\"text-align: left;\"><strong>In Anerkennung der gelungenen Konzeption und europ\u00e4ischen Ausrichtung erhielt die Internationale Spitzensammlung Nordhalben 1989 eine Auszeichnung im Wettbewerb &#8220;Europa- Preis f\u00fcr das Museum des Jahres&#8221;.<\/strong><\/p>\r\n<\/div>\r\n<div class=\"csc-textpic-text\">\u00a0\r\n\r\n<div class=\"csColumnGap\" style=\"margin: 0px; padding: 0px; width: 1.56%; float: left;\"><img decoding=\"async\" style=\"border: currentColor;\" src=\"http:\/\/das-kloeppelmuseum.de\/wp-content\/plugins\/advanced-wp-columns\/assets\/js\/plugins\/views\/img\/1x1-pixel.png\" \/><\/div>\r\n\r\n\u00a0\r\n\r\n<div class=\"csColumn\" style=\"margin: 0px; padding: 0px; width: 47.7%; float: left;\" data-csid=\"4d58f87e-c837-35e7-918b-eb4db48f928c\" data-cswidth=\"47.7%\" data-csendpoint=\"472.5\" data-csstartpoint=\"15\">\r\n<p>Die Internationale Spitzensammlung umfasst\u00a0sechs R\u00e4ume:<\/p>\r\n<p>-Historische und technologische Einf\u00fchrung<\/p>\r\n<p>-Spitzenherstellung im Erzgebirge<\/p>\r\n<p>-Spitzen im b\u00fcrgerlichen Haushalt der Jahrhundertwende<\/p>\r\n<p>-Kl\u00f6ppelschule Nordhalben<\/p>\r\n<p>-Aktuelle Problematik der Spitzenherstellung, moderne Spitzen<\/p>\r\n\r\n-Historische europ\u00e4ische Spitzen<\/div>\r\n<div class=\"csColumnGap\" style=\"margin: 0px; padding: 0px; width: 1.56%; float: left;\"><img decoding=\"async\" style=\"border: currentColor;\" src=\"http:\/\/das-kloeppelmuseum.de\/wp-content\/plugins\/advanced-wp-columns\/assets\/js\/plugins\/views\/img\/1x1-pixel.png\" \/><\/div>\r\n<div class=\"csColumn\" style=\"margin: 0px; padding: 0px; width: 47.7%; float: left;\" data-csid=\"b9d81d7a-a0df-0895-81db-069b1d5a5482\" data-cswidth=\"47.7%\" data-csendpoint=\"945\" data-csstartpoint=\"487.5\"><div id=\"metaslider-id-978\" style=\"max-width: 300px; margin: 0 auto;\" class=\"ml-slider-3-20-3 metaslider metaslider-nivo metaslider-978 ml-slider\">\n    <div id=\"metaslider_container_978\">\n        <div class='slider-wrapper theme-default'><div class='ribbon'><\/div><div id='metaslider_978' class='nivoSlider'><img loading=\"lazy\" decoding=\"async\" width=\"500\" height=\"759\" src=\"http:\/\/das-kloeppelmuseum.de\/wp-content\/uploads\/2017\/03\/b\u00e4nderspitze-e1490426399587.jpg\" class=\"slider-978 slide-982\" alt=\"\" data-caption=\"\" data-thumb=\"\" title=\"\" rel=\"\" itemprop=\"image\" \/><img loading=\"lazy\" decoding=\"async\" width=\"500\" height=\"759\" src=\"http:\/\/das-kloeppelmuseum.de\/wp-content\/uploads\/2017\/03\/binche-e1490426389534.jpg\" class=\"slider-978 slide-983\" alt=\"\" data-caption=\"\" data-thumb=\"\" title=\"\" rel=\"\" itemprop=\"image\" \/><img loading=\"lazy\" decoding=\"async\" width=\"500\" height=\"759\" src=\"http:\/\/das-kloeppelmuseum.de\/wp-content\/uploads\/2017\/03\/blonde-e1490426378986.jpg\" class=\"slider-978 slide-984\" alt=\"\" data-caption=\"\" data-thumb=\"\" title=\"\" rel=\"\" itemprop=\"image\" \/><img loading=\"lazy\" decoding=\"async\" width=\"500\" height=\"759\" src=\"http:\/\/das-kloeppelmuseum.de\/wp-content\/uploads\/2017\/03\/br\u00fcsseler-spitze-e1490426369577.jpg\" class=\"slider-978 slide-985\" alt=\"\" data-caption=\"\" data-thumb=\"\" title=\"\" rel=\"\" itemprop=\"image\" \/><img loading=\"lazy\" decoding=\"async\" width=\"500\" height=\"759\" src=\"http:\/\/das-kloeppelmuseum.de\/wp-content\/uploads\/2017\/03\/duchesse-spitze2-e1490426359551.jpg\" class=\"slider-978 slide-986\" alt=\"\" data-caption=\"\" data-thumb=\"\" title=\"\" rel=\"\" itemprop=\"image\" \/><img loading=\"lazy\" decoding=\"async\" width=\"500\" height=\"759\" src=\"http:\/\/das-kloeppelmuseum.de\/wp-content\/uploads\/2017\/03\/mail\u00e4nder-spitze-e1490426349637.jpg\" class=\"slider-978 slide-987\" alt=\"\" data-caption=\"\" data-thumb=\"\" title=\"\" rel=\"\" itemprop=\"image\" \/><img loading=\"lazy\" decoding=\"async\" width=\"500\" height=\"759\" src=\"http:\/\/das-kloeppelmuseum.de\/wp-content\/uploads\/2017\/03\/malteser-spitze-e1490426338549.jpg\" class=\"slider-978 slide-988\" alt=\"\" data-caption=\"\" data-thumb=\"\" title=\"\" rel=\"\" itemprop=\"image\" \/><img loading=\"lazy\" decoding=\"async\" width=\"500\" height=\"759\" src=\"http:\/\/das-kloeppelmuseum.de\/wp-content\/uploads\/2017\/03\/reticella-spitze-e1490426329319.jpg\" class=\"slider-978 slide-989\" alt=\"\" data-caption=\"\" data-thumb=\"\" title=\"\" rel=\"\" itemprop=\"image\" \/><img loading=\"lazy\" decoding=\"async\" width=\"500\" height=\"759\" src=\"http:\/\/das-kloeppelmuseum.de\/wp-content\/uploads\/2017\/03\/valenciennes-spitze-e1490426265420.jpg\" class=\"slider-978 slide-990\" alt=\"\" data-caption=\"\" data-thumb=\"\" title=\"\" rel=\"\" itemprop=\"image\" \/><\/div><\/div>\n        \n    <\/div>\n<\/div><\/div>\r\n\r\n\u00a0\r\n\r\n<div class=\"csColumnGap\" style=\"margin: 0px; padding: 0px; width: 1.56%; float: left;\"><img decoding=\"async\" style=\"border: currentColor;\" src=\"http:\/\/das-kloeppelmuseum.de\/wp-content\/plugins\/advanced-wp-columns\/assets\/js\/plugins\/views\/img\/1x1-pixel.png\" \/><\/div>\r\n<\/div>\r\n<\/div>\r\n<\/div>\r\n<\/div>\r\n<p>&nbsp;<\/p>","protected":false},"excerpt":{"rendered":"<p>The International Lace Collection was opened in 1986 as part of the Nordhalbener Kloppelschule. On an area of \u200b\u200babout 120 square meters, interested visitors will be shown from the 18th to the 21st century. The collection includes over 400 exhibits and is gradually expanded. Die bekanntesten Vertreter sind Binchespitzen, Valenciennesspitzen, Honitonspitzen, Br\u00fcsseler Spitzen, Mail\u00e4nder Spitzen,&hellip;<\/p>\n","protected":false},"author":1,"featured_media":0,"parent":0,"menu_order":0,"comment_status":"closed","ping_status":"closed","template":"","meta":{"footnotes":""},"class_list":["post-93","page","type-page","status-publish","hentry","no-post-thumbnail","post-grid-2-col","entry"],"_links":{"self":[{"href":"http:\/\/das-kloeppelmuseum.de\/en\/wp-json\/wp\/v2\/pages\/93","targetHints":{"allow":["GET"]}}],"collection":[{"href":"http:\/\/das-kloeppelmuseum.de\/en\/wp-json\/wp\/v2\/pages"}],"about":[{"href":"http:\/\/das-kloeppelmuseum.de\/en\/wp-json\/wp\/v2\/types\/page"}],"author":[{"embeddable":true,"href":"http:\/\/das-kloeppelmuseum.de\/en\/wp-json\/wp\/v2\/users\/1"}],"replies":[{"embeddable":true,"href":"http:\/\/das-kloeppelmuseum.de\/en\/wp-json\/wp\/v2\/comments?post=93"}],"version-history":[{"count":151,"href":"http:\/\/das-kloeppelmuseum.de\/en\/wp-json\/wp\/v2\/pages\/93\/revisions"}],"predecessor-version":[{"id":2830,"href":"http:\/\/das-kloeppelmuseum.de\/en\/wp-json\/wp\/v2\/pages\/93\/revisions\/2830"}],"wp:attachment":[{"href":"http:\/\/das-kloeppelmuseum.de\/en\/wp-json\/wp\/v2\/media?parent=93"}],"curies":[{"name":"wp","href":"https:\/\/api.w.org\/{rel}","templated":true}]}}