{"id":442,"date":"2017-03-16T19:51:24","date_gmt":"2017-03-16T18:51:24","guid":{"rendered":"http:\/\/das-kloeppelmuseum.de\/?page_id=442"},"modified":"2017-04-21T13:50:10","modified_gmt":"2017-04-21T11:50:10","slug":"warum-ist-kloeppeln-modern","status":"publish","type":"page","link":"http:\/\/das-kloeppelmuseum.de\/en\/warum-ist-kloeppeln-modern\/","title":{"rendered":"Tradition wird modern"},"content":{"rendered":"&nbsp;\r\n<h3>\u00a0<a href=\"http:\/\/das-kloeppelmuseum.de\/wp-content\/uploads\/2017\/03\/IMG_9524_1200x400_Retusche-03_170414_DF.jpg\"><img loading=\"lazy\" decoding=\"async\" class=\"alignnone wp-image-2001 size-full\" src=\"http:\/\/das-kloeppelmuseum.de\/wp-content\/uploads\/2017\/03\/IMG_9524_1200x400_Retusche-03_170414_DF.jpg\" alt=\"img_9524_1200x400_retusche-03_170414_df\" width=\"1200\" height=\"400\" srcset=\"http:\/\/das-kloeppelmuseum.de\/wp-content\/uploads\/2017\/03\/IMG_9524_1200x400_Retusche-03_170414_DF.jpg 1200w, http:\/\/das-kloeppelmuseum.de\/wp-content\/uploads\/2017\/03\/IMG_9524_1200x400_Retusche-03_170414_DF-200x67.jpg 200w, http:\/\/das-kloeppelmuseum.de\/wp-content\/uploads\/2017\/03\/IMG_9524_1200x400_Retusche-03_170414_DF-768x256.jpg 768w, http:\/\/das-kloeppelmuseum.de\/wp-content\/uploads\/2017\/03\/IMG_9524_1200x400_Retusche-03_170414_DF-1024x341.jpg 1024w\" sizes=\"auto, (max-width: 1200px) 100vw, 1200px\" \/><\/a><\/h3>\r\n&nbsp;\r\n<p style=\"text-align: center;\">Kl\u00f6ppeln hat sich weiterentwickelt. Das\u00a0alte Handwerk wird neu entdeckt.\u00a0Es ist bunt,\u00a0modern\u00a0 und vielseitig geworden. Neue Materialien, neue Motive, neue Ideen kommen st\u00e4ndig hinzu. Es ist ein kreatives Handwerk, das immer beliebter wird.\u00a0\u00a0Florale Kl\u00f6ppelmotive zieren Kleidungsst\u00fccke und Gebrauchsgegenst\u00e4nde. Kreatives wie \u00a0Schmuck, gekl\u00f6ppelt aus Effektgarnen oder Silberdraht, werden somit zu tollen Geschenken.<\/p>\r\n&nbsp;\r\n\r\n\n\t\t<div id='gallery-1' class='gallery galleryid-442 gallery-columns-8 gallery-size-thumbnail gallery1'><script type=\"text\/javascript\">\r\n\/\/ <![CDATA[\r\n\tjQuery(document).ready(function () {\r\n\t\tjQuery(\".gallery1 a\").attr(\"rel\",\"gallery1\");\t\r\n\t\tjQuery('a[rel=\"gallery1\"]').colorbox({maxWidth:\"95%\", maxHeight:\"95%\",title: function(){ return jQuery(this).children().attr(\"alt\"); }, });\r\n\t});\r\n\/\/ ]]>\r\n<\/script>\n<figure class=\"gallery-item\">\n<div class=\"gallery-icon\">\r\n<a href=\"http:\/\/das-kloeppelmuseum.de\/wp-content\/uploads\/2017\/03\/Bl\u00fcten_2.jpg\" title=\"\" rel=\"gallery1\"><img loading=\"lazy\" decoding=\"async\" src=\"http:\/\/das-kloeppelmuseum.de\/wp-content\/uploads\/2017\/03\/Bl\u00fcten_2-150x150.jpg\" width=\"150\" height=\"150\" alt=\"\" \/><\/a>\r\n<\/div><\/figure><figure class=\"gallery-item\">\n<div class=\"gallery-icon\">\r\n<a href=\"http:\/\/das-kloeppelmuseum.de\/wp-content\/uploads\/2017\/03\/Glasflakon_3.jpg\" title=\"\" rel=\"gallery1\"><img loading=\"lazy\" decoding=\"async\" src=\"http:\/\/das-kloeppelmuseum.de\/wp-content\/uploads\/2017\/03\/Glasflakon_3-150x150.jpg\" width=\"150\" height=\"150\" alt=\"\" \/><\/a>\r\n<\/div><\/figure><figure class=\"gallery-item\">\n<div class=\"gallery-icon\">\r\n<a href=\"http:\/\/das-kloeppelmuseum.de\/wp-content\/uploads\/2017\/04\/Bl\u00fcten.jpg\" title=\"\" rel=\"gallery1\"><img loading=\"lazy\" decoding=\"async\" src=\"http:\/\/das-kloeppelmuseum.de\/wp-content\/uploads\/2017\/04\/Bl\u00fcten-150x150.jpg\" width=\"150\" height=\"150\" alt=\"\" \/><\/a>\r\n<\/div><\/figure><figure class=\"gallery-item\">\n<div class=\"gallery-icon\">\r\n<a href=\"http:\/\/das-kloeppelmuseum.de\/wp-content\/uploads\/2017\/03\/Glasflakon_4.jpg\" title=\"\" rel=\"gallery1\"><img loading=\"lazy\" decoding=\"async\" src=\"http:\/\/das-kloeppelmuseum.de\/wp-content\/uploads\/2017\/03\/Glasflakon_4-150x150.jpg\" width=\"150\" height=\"150\" alt=\"\" \/><\/a>\r\n<\/div><\/figure><figure class=\"gallery-item\">\n<div class=\"gallery-icon\">\r\n<a href=\"http:\/\/das-kloeppelmuseum.de\/wp-content\/uploads\/2017\/03\/Bl\u00fcten_1.jpg\" title=\"\" rel=\"gallery1\"><img loading=\"lazy\" decoding=\"async\" src=\"http:\/\/das-kloeppelmuseum.de\/wp-content\/uploads\/2017\/03\/Bl\u00fcten_1-150x150.jpg\" width=\"150\" height=\"150\" alt=\"\" \/><\/a>\r\n<\/div><\/figure><figure class=\"gallery-item\">\n<div class=\"gallery-icon\">\r\n<a href=\"http:\/\/das-kloeppelmuseum.de\/wp-content\/uploads\/2017\/03\/Mode_2-1.jpg\" title=\"\" rel=\"gallery1\"><img loading=\"lazy\" decoding=\"async\" src=\"http:\/\/das-kloeppelmuseum.de\/wp-content\/uploads\/2017\/03\/Mode_2-1-150x150.jpg\" width=\"150\" height=\"150\" alt=\"\" \/><\/a>\r\n<\/div><\/figure><figure class=\"gallery-item\">\n<div class=\"gallery-icon\">\r\n<a href=\"http:\/\/das-kloeppelmuseum.de\/wp-content\/uploads\/2017\/03\/Glasflakon.jpg\" title=\"\" rel=\"gallery1\"><img loading=\"lazy\" decoding=\"async\" src=\"http:\/\/das-kloeppelmuseum.de\/wp-content\/uploads\/2017\/03\/Glasflakon-150x150.jpg\" width=\"150\" height=\"150\" alt=\"\" \/><\/a>\r\n<\/div><\/figure><figure class=\"gallery-item\">\n<div class=\"gallery-icon\">\r\n<a href=\"http:\/\/das-kloeppelmuseum.de\/wp-content\/uploads\/2017\/04\/S\u00fc\u00dfholz.jpg\" title=\"\" rel=\"gallery1\"><img loading=\"lazy\" decoding=\"async\" src=\"http:\/\/das-kloeppelmuseum.de\/wp-content\/uploads\/2017\/04\/S\u00fc\u00dfholz-150x150.jpg\" width=\"150\" height=\"150\" alt=\"\" \/><\/a>\r\n<\/div><\/figure>\r\n\t\t<\/div>\n\r\n\r\n&nbsp;","protected":false},"excerpt":{"rendered":"<p>&nbsp; \u00a0 &nbsp; Kl\u00f6ppeln hat sich weiterentwickelt. Das\u00a0alte Handwerk wird neu entdeckt.\u00a0Es ist bunt,\u00a0modern\u00a0 und vielseitig geworden. Neue Materialien, neue Motive, neue Ideen kommen st\u00e4ndig hinzu. Es ist ein kreatives Handwerk, das immer beliebter wird.\u00a0\u00a0Florale Kl\u00f6ppelmotive zieren Kleidungsst\u00fccke und Gebrauchsgegenst\u00e4nde. Kreatives wie \u00a0Schmuck, gekl\u00f6ppelt aus Effektgarnen oder Silberdraht, werden somit zu tollen Geschenken. &nbsp; &nbsp;<\/p>\n","protected":false},"author":1,"featured_media":0,"parent":0,"menu_order":0,"comment_status":"closed","ping_status":"closed","template":"","meta":{"footnotes":""},"class_list":["post-442","page","type-page","status-publish","hentry","no-post-thumbnail","post-grid-2-col","entry"],"_links":{"self":[{"href":"http:\/\/das-kloeppelmuseum.de\/en\/wp-json\/wp\/v2\/pages\/442","targetHints":{"allow":["GET"]}}],"collection":[{"href":"http:\/\/das-kloeppelmuseum.de\/en\/wp-json\/wp\/v2\/pages"}],"about":[{"href":"http:\/\/das-kloeppelmuseum.de\/en\/wp-json\/wp\/v2\/types\/page"}],"author":[{"embeddable":true,"href":"http:\/\/das-kloeppelmuseum.de\/en\/wp-json\/wp\/v2\/users\/1"}],"replies":[{"embeddable":true,"href":"http:\/\/das-kloeppelmuseum.de\/en\/wp-json\/wp\/v2\/comments?post=442"}],"version-history":[{"count":32,"href":"http:\/\/das-kloeppelmuseum.de\/en\/wp-json\/wp\/v2\/pages\/442\/revisions"}],"predecessor-version":[{"id":2259,"href":"http:\/\/das-kloeppelmuseum.de\/en\/wp-json\/wp\/v2\/pages\/442\/revisions\/2259"}],"wp:attachment":[{"href":"http:\/\/das-kloeppelmuseum.de\/en\/wp-json\/wp\/v2\/media?parent=442"}],"curies":[{"name":"wp","href":"https:\/\/api.w.org\/{rel}","templated":true}]}}