{"id":4014,"date":"2019-02-21T12:44:29","date_gmt":"2019-02-21T11:44:29","guid":{"rendered":"http:\/\/das-kloeppelmuseum.de\/?page_id=4014"},"modified":"2019-03-14T19:04:57","modified_gmt":"2019-03-14T18:04:57","slug":"bibliothek-2","status":"publish","type":"page","link":"http:\/\/das-kloeppelmuseum.de\/en\/bibliothek-2\/","title":{"rendered":"Die Bibliothek"},"content":{"rendered":"<p class=\"has-text-color has-very-dark-gray-color\">DAS Kl\u00f6ppelmuseum besitzt eine umfassende Bibliothek \u00fcber Kl\u00f6ppelspitzen und andere Textilien.\r\nNach Anmeldung k\u00f6nnen die B\u00fccher vor Ort eingesehen werden.<\/p>\r\n<p class=\"has-text-color\" style=\"color: #9d0873;\"><span style=\"color: #993366;\"><a style=\"color: #993366;\" href=\"http:\/\/das-kloeppelmuseum.de\/wp-content\/uploads\/2019\/02\/B\u00fccherliste.pdf\" target=\"_blank\" rel=\"noreferrer noopener\" aria-label=\" (\u00f6ffnet in neuem Tab)\"><strong>Das aktuelle B\u00fccherverzeichnis k\u00f6nnen Sie hier einsehen<\/strong><\/a><\/span><\/p>\r\n<p><\/p>","protected":false},"excerpt":{"rendered":"<p>DAS Kl\u00f6ppelmuseum besitzt eine umfassende Bibliothek \u00fcber Kl\u00f6ppelspitzen und andere Textilien. Nach Anmeldung k\u00f6nnen die B\u00fccher vor Ort eingesehen werden. Das aktuelle B\u00fccherverzeichnis k\u00f6nnen Sie hier einsehen<\/p>\n","protected":false},"author":1,"featured_media":0,"parent":0,"menu_order":0,"comment_status":"closed","ping_status":"closed","template":"","meta":{"footnotes":""},"class_list":["post-4014","page","type-page","status-publish","hentry","no-post-thumbnail","post-grid-2-col","entry"],"_links":{"self":[{"href":"http:\/\/das-kloeppelmuseum.de\/en\/wp-json\/wp\/v2\/pages\/4014","targetHints":{"allow":["GET"]}}],"collection":[{"href":"http:\/\/das-kloeppelmuseum.de\/en\/wp-json\/wp\/v2\/pages"}],"about":[{"href":"http:\/\/das-kloeppelmuseum.de\/en\/wp-json\/wp\/v2\/types\/page"}],"author":[{"embeddable":true,"href":"http:\/\/das-kloeppelmuseum.de\/en\/wp-json\/wp\/v2\/users\/1"}],"replies":[{"embeddable":true,"href":"http:\/\/das-kloeppelmuseum.de\/en\/wp-json\/wp\/v2\/comments?post=4014"}],"version-history":[{"count":20,"href":"http:\/\/das-kloeppelmuseum.de\/en\/wp-json\/wp\/v2\/pages\/4014\/revisions"}],"predecessor-version":[{"id":4390,"href":"http:\/\/das-kloeppelmuseum.de\/en\/wp-json\/wp\/v2\/pages\/4014\/revisions\/4390"}],"wp:attachment":[{"href":"http:\/\/das-kloeppelmuseum.de\/en\/wp-json\/wp\/v2\/media?parent=4014"}],"curies":[{"name":"wp","href":"https:\/\/api.w.org\/{rel}","templated":true}]}}