{"id":316,"date":"2016-11-18T14:06:58","date_gmt":"2016-11-18T13:06:58","guid":{"rendered":"http:\/\/das-kloeppelmuseum.de\/?page_id=316"},"modified":"2022-02-01T18:34:25","modified_gmt":"2022-02-01T17:34:25","slug":"impressum","status":"publish","type":"page","link":"http:\/\/das-kloeppelmuseum.de\/en\/impressum\/","title":{"rendered":"Impressum"},"content":{"rendered":"<p><h3><strong><strong>DAS Kl\u00f6ppelmuseum<\/strong><\/strong><\/h3>\r\n<h4 class=\"bodytext\" style=\"text-align: left;\"><span style=\"color: #000000;\">Kreativ <span style=\"color: #000000;\">Lebendig <\/span>Spitze<\/span><\/h4>\r\n&nbsp;\r\n<h4 class=\"bodytext\" style=\"text-align: left;\"><span style=\"color: #000000;\">Leitung: \u00a0Diplom-Designerin (FH) Beate Agten <\/span><\/h4>\r\nKl\u00f6ppelschule 4<br>\r\n96365 Nordhalben<br>\r\nTel.: 09267 \/ 375<br>\r\nFax: 09267 \/\u00a09144843<br>\r\nE-Mail: <a href=\"mailto:DASKloeppelmuseum@gmail.com\">DASKloeppelmuseum@gmail.com<\/a><\/p>\r\n\r\n<p><strong>Anbieter:<\/strong><br>\r\nMarkt Nordhalben<br>\r\nKronacher Str. 4<br>\r\n96365 Nordhalben<br>\r\nTel: 09267\/ 914040<br>\r\nFax: 09267\/ 914049<br>\r\nE-Mail: <a href=\"mailto:info@nordhalben.de\">info@nordhalben.de<\/a><\/p>\r\n\r\n<p><strong>Keine Gew\u00e4hr f\u00fcr Inhalte:<\/strong><\/p>\r\n\r\n<p>Der Markt Nordhalben ist um Richtigkeit und Aktualit\u00e4t der auf dieser Internetpr\u00e4senz bereitgestellten Informationen bem\u00fcht. Trotzdem k\u00f6nnen Fehler und Unklarheiten nicht vollst\u00e4ndig ausgeschlossen werden. Der Markt Nordhalben \u00fcbernimmt deshalb keine Gew\u00e4hr f\u00fcr die Aktualit\u00e4t, Richtigkeit, Vollst\u00e4ndigkeit oder Qualit\u00e4t der bereitgestellten Informationen. F\u00fcr Sch\u00e4den materieller oder immaterieller Art, die durch die Nutzung oder Nichtnutzung der dargebotenen Informationen bzw. durch die Nutzung fehlerhafter und unvollst\u00e4ndiger Informationen unmittelbar oder mittelbar verursacht werden, haftet der Markt Nordhalben nicht, sofern ihr nicht nachweislich vors\u00e4tzliches oder grob fahrl\u00e4ssiges Verschulden zur Last f\u00e4llt. Gleiches gilt f\u00fcr kostenlos zum Download bereitgehaltene Software. Der Markt Nordhalben beh\u00e4lt es sich vor, Teile des Internetangebots oder das gesamte Angebot ohne gesonderte Ank\u00fcndigung zu ver\u00e4ndern, zu erg\u00e4nzen, zu l\u00f6schen oder die Ver\u00f6ffentlichung zeitweise oder endg\u00fcltig einzustellen.<\/p>\r\n\r\n&nbsp;","protected":false},"excerpt":{"rendered":"<p>DAS Kl\u00f6ppelmuseum Kreativ Lebendig Spitze &nbsp; Leitung: \u00a0Diplom-Designerin (FH) Beate Agten Kl\u00f6ppelschule 4 96365 Nordhalben Tel.: 09267 \/ 375 Fax: 09267 \/\u00a09144843 E-Mail: DASKloeppelmuseum@gmail.com Anbieter: Markt Nordhalben Kronacher Str. 4 96365 Nordhalben Tel: 09267\/ 914040 Fax: 09267\/ 914049 E-Mail: info@nordhalben.de Keine Gew\u00e4hr f\u00fcr Inhalte: Der Markt Nordhalben ist um Richtigkeit und Aktualit\u00e4t der auf dieser&hellip;<\/p>\n","protected":false},"author":1,"featured_media":0,"parent":0,"menu_order":0,"comment_status":"closed","ping_status":"closed","template":"","meta":{"footnotes":""},"class_list":["post-316","page","type-page","status-publish","hentry","no-post-thumbnail","post-grid-2-col","entry"],"_links":{"self":[{"href":"http:\/\/das-kloeppelmuseum.de\/en\/wp-json\/wp\/v2\/pages\/316","targetHints":{"allow":["GET"]}}],"collection":[{"href":"http:\/\/das-kloeppelmuseum.de\/en\/wp-json\/wp\/v2\/pages"}],"about":[{"href":"http:\/\/das-kloeppelmuseum.de\/en\/wp-json\/wp\/v2\/types\/page"}],"author":[{"embeddable":true,"href":"http:\/\/das-kloeppelmuseum.de\/en\/wp-json\/wp\/v2\/users\/1"}],"replies":[{"embeddable":true,"href":"http:\/\/das-kloeppelmuseum.de\/en\/wp-json\/wp\/v2\/comments?post=316"}],"version-history":[{"count":97,"href":"http:\/\/das-kloeppelmuseum.de\/en\/wp-json\/wp\/v2\/pages\/316\/revisions"}],"predecessor-version":[{"id":4864,"href":"http:\/\/das-kloeppelmuseum.de\/en\/wp-json\/wp\/v2\/pages\/316\/revisions\/4864"}],"wp:attachment":[{"href":"http:\/\/das-kloeppelmuseum.de\/en\/wp-json\/wp\/v2\/media?parent=316"}],"curies":[{"name":"wp","href":"https:\/\/api.w.org\/{rel}","templated":true}]}}