{"id":202,"date":"2016-11-14T12:49:38","date_gmt":"2016-11-14T11:49:38","guid":{"rendered":"http:\/\/das-kloeppelmuseum.de\/?page_id=202"},"modified":"2017-04-18T19:39:47","modified_gmt":"2017-04-18T17:39:47","slug":"die-spitzengeschichte","status":"publish","type":"page","link":"http:\/\/das-kloeppelmuseum.de\/en\/die-spitzengeschichte\/","title":{"rendered":"Die Spitzengeschichte"},"content":{"rendered":"<p><a href=\"http:\/\/das-kloeppelmuseum.de\/wp-content\/uploads\/2017\/04\/Kl\u00f6ppelspitze.jpg\"><img loading=\"lazy\" decoding=\"async\" class=\"alignnone wp-image-1944 size-full\" src=\"http:\/\/das-kloeppelmuseum.de\/wp-content\/uploads\/2017\/04\/Kl\u00f6ppelspitze.jpg\" alt=\"kloeppelspitze\" width=\"1200\" height=\"400\" srcset=\"http:\/\/das-kloeppelmuseum.de\/wp-content\/uploads\/2017\/04\/Kl\u00f6ppelspitze.jpg 1200w, http:\/\/das-kloeppelmuseum.de\/wp-content\/uploads\/2017\/04\/Kl\u00f6ppelspitze-200x67.jpg 200w, http:\/\/das-kloeppelmuseum.de\/wp-content\/uploads\/2017\/04\/Kl\u00f6ppelspitze-768x256.jpg 768w, http:\/\/das-kloeppelmuseum.de\/wp-content\/uploads\/2017\/04\/Kl\u00f6ppelspitze-1024x341.jpg 1024w\" sizes=\"auto, (max-width: 1200px) 100vw, 1200px\" \/><\/a><\/p>\r\n\r\n<p>Zur Entwicklung der Spitzenherstellung in Europa<\/p>\r\n\r\n<p>Gekl\u00f6ppelt wird seit etwa 500 Jahren. Die ersten Hinweise\u00a0hierf\u00fcr kamen aus Italien und Flandern.<\/p>\r\n\r\n<p><strong>Italien: <\/strong>\u00a0Die erste umfangreiche Spitzenproduktion gab es in den St\u00e4dten Oberitaliens im beginnenden 16. Jahrhundert. Venedig war Zentrum der Nadelspitzenherstellung, w\u00e4hrend in Genua und Mailand Kl\u00f6ppelspitzen angefertigt wurden.<\/p>\r\n\r\n<p><strong>Belgien:<\/strong> Im Verlauf des 17. Jahrhunderts gelang es den Flandern, die italienische Spitze zu verdr\u00e4ngen und den europ\u00e4ischen und s\u00fcdamerikanischen Markt zu erobern. Die flanderische Kl\u00f6ppelspitze hatte eine solche Qualit\u00e4t erreicht, dass kein europ\u00e4ischer K\u00f6nigshof auf sie verzichten mochte.<\/p>\r\n\r\n<p><strong>Erzgebirge:<\/strong> Auch im Erzgebirge wurde die Spitzenkl\u00f6ppelei schon in der zweiten H\u00e4lfte des 16. Jahrhunderts betrieben. Zwar gab es noch vereinzelte Regionen im deutschsprachigen Raum (Harz, Schw\u00e4bische Alb) wo gekl\u00f6ppelt wurde, doch nirgendwo erreichte die Kl\u00f6ppelei eine so wichtige Bedeutung wie im Erzgebirge. Schon um 1600 soll es 10 000 Kl\u00f6pplerinnen gegeben haben.<\/p>\r\n\r\n<p><strong>Frankreich:<\/strong> Die Spitzenherstellung in Frankreich entstand in einer sp\u00e4teren wirtschaftlichen Epoche, dem Merkantilismus. Mittels staatlicher Eingriffe in die Wirtschaft wurde versucht, Industrien im eigenen Land aufzubauen, um Devisen einzusparen und Steuern zu erwirtschaften. Es gelang in der zweiten H\u00e4lfte des 17. Jahrhunderts, eine eigene leistungsf\u00e4hige Spitzenindustrie aufzubauen.<\/p>\r\n\r\n<p>Die Bl\u00fctezeit erreichte die Spitzenherstellung im 17. und 18. Jahrhundert, als auch die Br\u00fcssler Spitze zu Weltruhm gelangte. Bis ins 19. Jahrhundert waren Spitzen ein Prestigeobjekt des Adels und reichen B\u00fcrgertums.<\/p>\r\n\r\n&nbsp;\r\n\r\n&nbsp;\r\n\r\n&nbsp;\r\n\r\n&nbsp;\r\n\r\n&nbsp;\r\n\r\n&nbsp;\r\n\r\n&nbsp;\r\n\r\n&nbsp;","protected":false},"excerpt":{"rendered":"<p>Zur Entwicklung der Spitzenherstellung in Europa Gekl\u00f6ppelt wird seit etwa 500 Jahren. Die ersten Hinweise\u00a0hierf\u00fcr kamen aus Italien und Flandern. Italien: \u00a0Die erste umfangreiche Spitzenproduktion gab es in den St\u00e4dten Oberitaliens im beginnenden 16. Jahrhundert. Venedig war Zentrum der Nadelspitzenherstellung, w\u00e4hrend in Genua und Mailand Kl\u00f6ppelspitzen angefertigt wurden. Belgien: Im Verlauf des 17. Jahrhunderts gelang&hellip;<\/p>\n","protected":false},"author":1,"featured_media":0,"parent":0,"menu_order":0,"comment_status":"closed","ping_status":"closed","template":"","meta":{"footnotes":""},"class_list":["post-202","page","type-page","status-publish","hentry","no-post-thumbnail","post-grid-2-col","entry"],"_links":{"self":[{"href":"http:\/\/das-kloeppelmuseum.de\/en\/wp-json\/wp\/v2\/pages\/202","targetHints":{"allow":["GET"]}}],"collection":[{"href":"http:\/\/das-kloeppelmuseum.de\/en\/wp-json\/wp\/v2\/pages"}],"about":[{"href":"http:\/\/das-kloeppelmuseum.de\/en\/wp-json\/wp\/v2\/types\/page"}],"author":[{"embeddable":true,"href":"http:\/\/das-kloeppelmuseum.de\/en\/wp-json\/wp\/v2\/users\/1"}],"replies":[{"embeddable":true,"href":"http:\/\/das-kloeppelmuseum.de\/en\/wp-json\/wp\/v2\/comments?post=202"}],"version-history":[{"count":20,"href":"http:\/\/das-kloeppelmuseum.de\/en\/wp-json\/wp\/v2\/pages\/202\/revisions"}],"predecessor-version":[{"id":1960,"href":"http:\/\/das-kloeppelmuseum.de\/en\/wp-json\/wp\/v2\/pages\/202\/revisions\/1960"}],"wp:attachment":[{"href":"http:\/\/das-kloeppelmuseum.de\/en\/wp-json\/wp\/v2\/media?parent=202"}],"curies":[{"name":"wp","href":"https:\/\/api.w.org\/{rel}","templated":true}]}}