{"id":161,"date":"2016-11-13T23:57:20","date_gmt":"2016-11-13T22:57:20","guid":{"rendered":"http:\/\/das-kloeppelmuseum.de\/?page_id=161"},"modified":"2017-04-20T12:02:00","modified_gmt":"2017-04-20T10:02:00","slug":"das-handwerk","status":"publish","type":"page","link":"http:\/\/das-kloeppelmuseum.de\/en\/das-handwerk\/","title":{"rendered":"Das Handwerk"},"content":{"rendered":"<a href=\"http:\/\/das-kloeppelmuseum.de\/wp-content\/uploads\/2016\/11\/Ausstellungsraum_Historisches-Ortsmueum.jpg\"><img loading=\"lazy\" decoding=\"async\" class=\"wp-image-2018 size-full\" src=\"http:\/\/das-kloeppelmuseum.de\/wp-content\/uploads\/2016\/11\/Ausstellungsraum_Historisches-Ortsmueum.jpg\" alt=\"\" width=\"1200\" height=\"432\" srcset=\"http:\/\/das-kloeppelmuseum.de\/wp-content\/uploads\/2016\/11\/Ausstellungsraum_Historisches-Ortsmueum.jpg 1200w, http:\/\/das-kloeppelmuseum.de\/wp-content\/uploads\/2016\/11\/Ausstellungsraum_Historisches-Ortsmueum-200x72.jpg 200w, http:\/\/das-kloeppelmuseum.de\/wp-content\/uploads\/2016\/11\/Ausstellungsraum_Historisches-Ortsmueum-768x276.jpg 768w, http:\/\/das-kloeppelmuseum.de\/wp-content\/uploads\/2016\/11\/Ausstellungsraum_Historisches-Ortsmueum-1024x369.jpg 1024w\" sizes=\"auto, (max-width: 1200px) 100vw, 1200px\" \/><\/a>\r\n\r\nDem Handwerk dient der gr\u00f6\u00dfte Raum in der Wohnung. Hier sind eine komplette Schuster- sowie eine private Zimmererwerkstatt, ein gro\u00dfer Rahmen zum Filetsticken und der Arbeitsplatz eines Zigarrenmachers, typisch f\u00fcr den Broterwerb in der Marktgemeinde, zu sehen.\r\n\r\n\n\t\t<div id='gallery-1' class='gallery galleryid-161 gallery-columns-5 gallery-size-thumbnail gallery1'><script type=\"text\/javascript\">\r\n\/\/ <![CDATA[\r\n\tjQuery(document).ready(function () {\r\n\t\tjQuery(\".gallery1 a\").attr(\"rel\",\"gallery1\");\t\r\n\t\tjQuery('a[rel=\"gallery1\"]').colorbox({maxWidth:\"95%\", maxHeight:\"95%\",title: function(){ return jQuery(this).children().attr(\"alt\"); }, });\r\n\t});\r\n\/\/ ]]>\r\n<\/script>\n<figure class=\"gallery-item\">\n<div class=\"gallery-icon\">\r\n<a href=\"http:\/\/das-kloeppelmuseum.de\/wp-content\/uploads\/2017\/04\/Das-Handwerk_3.jpg\" title=\"Schusterwerkstatt\" rel=\"gallery1\"><img loading=\"lazy\" decoding=\"async\" src=\"http:\/\/das-kloeppelmuseum.de\/wp-content\/uploads\/2017\/04\/Das-Handwerk_3-150x150.jpg\" width=\"150\" height=\"150\" alt=\"Schusterwerkstatt\" \/><\/a>\r\n<\/div><figcaption class=\"gallery-caption\" id=\"caption1729\"><span class=\"imagecaption\">Schusterwerkstatt<\/span><br \/>\n<\/figcaption><\/figure><figure class=\"gallery-item\">\n<div class=\"gallery-icon\">\r\n<a href=\"http:\/\/das-kloeppelmuseum.de\/wp-content\/uploads\/2016\/11\/Das-Handwerk_1.jpg\" title=\"Zimmerwerkstatt\" rel=\"gallery1\"><img loading=\"lazy\" decoding=\"async\" src=\"http:\/\/das-kloeppelmuseum.de\/wp-content\/uploads\/2016\/11\/Das-Handwerk_1-150x150.jpg\" width=\"150\" height=\"150\" alt=\"Zimmerwerkstatt\" \/><\/a>\r\n<\/div><figcaption class=\"gallery-caption\" id=\"caption1725\"><span class=\"imagecaption\">Zimmerwerkstatt<\/span><br \/>\n<\/figcaption><\/figure><figure class=\"gallery-item\">\n<div class=\"gallery-icon\">\r\n<a href=\"http:\/\/das-kloeppelmuseum.de\/wp-content\/uploads\/2016\/11\/Das-Handwerk_6.jpg\" title=\"Filetsticken\" rel=\"gallery1\"><img loading=\"lazy\" decoding=\"async\" src=\"http:\/\/das-kloeppelmuseum.de\/wp-content\/uploads\/2016\/11\/Das-Handwerk_6-150x150.jpg\" width=\"150\" height=\"150\" alt=\"Filetsticken\" \/><\/a>\r\n<\/div><figcaption class=\"gallery-caption\" id=\"caption1733\"><span class=\"imagecaption\">Filetsticken<\/span><br \/>\n<\/figcaption><\/figure><figure class=\"gallery-item\">\n<div class=\"gallery-icon\">\r\n<a href=\"http:\/\/das-kloeppelmuseum.de\/wp-content\/uploads\/2017\/04\/Das-Handwerk_5.jpg\" title=\"Filetarbeit\" rel=\"gallery1\"><img loading=\"lazy\" decoding=\"async\" src=\"http:\/\/das-kloeppelmuseum.de\/wp-content\/uploads\/2017\/04\/Das-Handwerk_5-150x150.jpg\" width=\"150\" height=\"150\" alt=\"Filetarbeit\" \/><\/a>\r\n<\/div><figcaption class=\"gallery-caption\" id=\"caption1731\"><span class=\"imagecaption\">Filetarbeit<\/span><br \/>\n<\/figcaption><\/figure><figure class=\"gallery-item\">\n<div class=\"gallery-icon\">\r\n<a href=\"http:\/\/das-kloeppelmuseum.de\/wp-content\/uploads\/2016\/11\/Das-Handwerk_2.jpg\" title=\"Arbeitsplatz eines Zigarrenmachers\" rel=\"gallery1\"><img loading=\"lazy\" decoding=\"async\" src=\"http:\/\/das-kloeppelmuseum.de\/wp-content\/uploads\/2016\/11\/Das-Handwerk_2-150x150.jpg\" width=\"150\" height=\"150\" alt=\"Arbeitsplatz eines Zigarrenmachers\" \/><\/a>\r\n<\/div><figcaption class=\"gallery-caption\" id=\"caption1727\"><span class=\"imagecaption\">Arbeitsplatz eines Zigarrenmachers<\/span><br \/>\n<\/figcaption><\/figure>\r\n\t\t<\/div>\n\r\n\r\n\n\t\t<div id='gallery-2' class='gallery galleryid-161 gallery-columns-2 gallery-size-thumbnail gallery1'><script type=\"text\/javascript\">\r\n\/\/ <![CDATA[\r\n\tjQuery(document).ready(function () {\r\n\t\tjQuery(\".gallery1 a\").attr(\"rel\",\"gallery1\");\t\r\n\t\tjQuery('a[rel=\"gallery1\"]').colorbox({maxWidth:\"95%\", maxHeight:\"95%\",title: function(){ return jQuery(this).children().attr(\"alt\"); }, });\r\n\t});\r\n\/\/ ]]>\r\n<\/script>\n<figure class=\"gallery-item\">\n<div class=\"gallery-icon\">\r\n<a href=\"http:\/\/das-kloeppelmuseum.de\/wp-content\/uploads\/2016\/11\/Das-Handwerk_7.jpg\" title=\"Die J.J. Rehbach GmbH Nordhalben\" rel=\"gallery1\"><img loading=\"lazy\" decoding=\"async\" src=\"http:\/\/das-kloeppelmuseum.de\/wp-content\/uploads\/2016\/11\/Das-Handwerk_7-150x150.jpg\" width=\"150\" height=\"150\" alt=\"Die J.J. Rehbach GmbH Nordhalben\" \/><\/a>\r\n<\/div><figcaption class=\"gallery-caption\" id=\"caption1735\"><span class=\"imagecaption\">Die J.J. Rehbach GmbH Nordhalben<\/span><br \/>\n<\/figcaption><\/figure><figure class=\"gallery-item\">\n<div class=\"gallery-icon\">\r\n<a href=\"http:\/\/das-kloeppelmuseum.de\/wp-content\/uploads\/2016\/11\/Das-Handwerk_8.jpg\" title=\"Erzeugnisse der Firma J.J. Rehbach\" rel=\"gallery1\"><img loading=\"lazy\" decoding=\"async\" src=\"http:\/\/das-kloeppelmuseum.de\/wp-content\/uploads\/2016\/11\/Das-Handwerk_8-150x150.jpg\" width=\"150\" height=\"150\" alt=\"Erzeugnisse der Firma J.J. Rehbach\" \/><\/a>\r\n<\/div><figcaption class=\"gallery-caption\" id=\"caption1736\"><span class=\"imagecaption\">Erzeugnisse der Firma J.J. Rehbach<\/span><br \/>\n<\/figcaption><\/figure>\r\n\t\t<\/div>\n\r\n\r\nAuch die fr\u00fchere Bleistift- und Schiefertafelindustrie wird belegt.\r\n\r\n&nbsp;","protected":false},"excerpt":{"rendered":"<p>Dem Handwerk dient der gr\u00f6\u00dfte Raum in der Wohnung. Hier sind eine komplette Schuster- sowie eine private Zimmererwerkstatt, ein gro\u00dfer Rahmen zum Filetsticken und der Arbeitsplatz eines Zigarrenmachers, typisch f\u00fcr den Broterwerb in der Marktgemeinde, zu sehen. Auch die fr\u00fchere Bleistift- und Schiefertafelindustrie wird belegt. &nbsp;<\/p>\n","protected":false},"author":1,"featured_media":0,"parent":0,"menu_order":0,"comment_status":"closed","ping_status":"closed","template":"","meta":{"footnotes":""},"class_list":["post-161","page","type-page","status-publish","hentry","no-post-thumbnail","post-grid-2-col","entry"],"_links":{"self":[{"href":"http:\/\/das-kloeppelmuseum.de\/en\/wp-json\/wp\/v2\/pages\/161","targetHints":{"allow":["GET"]}}],"collection":[{"href":"http:\/\/das-kloeppelmuseum.de\/en\/wp-json\/wp\/v2\/pages"}],"about":[{"href":"http:\/\/das-kloeppelmuseum.de\/en\/wp-json\/wp\/v2\/types\/page"}],"author":[{"embeddable":true,"href":"http:\/\/das-kloeppelmuseum.de\/en\/wp-json\/wp\/v2\/users\/1"}],"replies":[{"embeddable":true,"href":"http:\/\/das-kloeppelmuseum.de\/en\/wp-json\/wp\/v2\/comments?post=161"}],"version-history":[{"count":36,"href":"http:\/\/das-kloeppelmuseum.de\/en\/wp-json\/wp\/v2\/pages\/161\/revisions"}],"predecessor-version":[{"id":2102,"href":"http:\/\/das-kloeppelmuseum.de\/en\/wp-json\/wp\/v2\/pages\/161\/revisions\/2102"}],"wp:attachment":[{"href":"http:\/\/das-kloeppelmuseum.de\/en\/wp-json\/wp\/v2\/media?parent=161"}],"curies":[{"name":"wp","href":"https:\/\/api.w.org\/{rel}","templated":true}]}}